{"id":96,"date":"2023-06-19T17:02:43","date_gmt":"2023-06-19T17:02:43","guid":{"rendered":"https:\/\/www.rybsvaz-valmez.cz\/?page_id=96"},"modified":"2023-06-19T17:02:44","modified_gmt":"2023-06-19T17:02:44","slug":"provozni-rad","status":"publish","type":"page","link":"https:\/\/www.rybsvaz-valmez.cz\/?page_id=96","title":{"rendered":"Provozn\u00ed \u0159\u00e1d"},"content":{"rendered":"\n<p><strong>PROVOZN\u00cd \u0158\u00c1D<\/strong><\/p>\n\n\n\n<p><strong>PROVOZN\u00cd \u0158\u00c1D SE VZTAHUJE NA RYB\u00c1\u0158SK\u00c9 REV\u00cdRY V\u010cETN\u011a VODN\u00cdCH PLOCH A P\u0158ILEHL\u00ddCH POZEMK\u016e V MAJETKU MO \u010cRS VALA\u0160SK\u00c9 MEZI\u0158\u00cd\u010c\u00cd Z.S. (PODLES\u00cd, JU\u0158INKA, BRANKY)<\/strong><\/p>\n\n\n\n<p>Tento provozn\u00ed \u0159\u00e1d slou\u017e\u00ed k zaji\u0161t\u011bn\u00ed po\u0159\u00e1dku, bezpe\u010dnosti a ochrany u\u017eivatel\u016f a n\u00e1v\u0161t\u011bvn\u00edk\u016f p\u0159edm\u011btn\u00fdch prostor a objekt\u016f. U\u017eivatel\u00e9 i n\u00e1v\u0161t\u011bvn\u00edci jsou povinni se t\u00edmto \u0159\u00e1dem \u0159\u00eddit a dodr\u017eovat ho.<\/p>\n\n\n\n<p><strong>Ryb\u00e1\u0159sk\u00e9 rev\u00edry jsou m\u00edsta ve\u0159ejnosti p\u0159\u00edstupn\u00e1, ale prim\u00e1rn\u011b ur\u010dena ke sportovn\u00edmu rybolovu dle platn\u00e9ho ryb\u00e1\u0159sk\u00e9ho \u0159\u00e1du a stanov \u010cRS a lov\u00edc\u00ed by nem\u011bl b\u00fdt omezov\u00e1n ostatn\u00ed ve\u0159ejnosti v jeho pr\u00e1vech.<\/strong><\/p>\n\n\n\n<p><strong>Vlastn\u00edk rev\u00edr\u016f nebo n\u00e1jemce nemovitost\u00ed m\u016f\u017ee pro ochranu majetku a bezpe\u010dnosti osob za dodr\u017een\u00ed platn\u00fdch z\u00e1konn\u00fdch norem instalovat kamerov\u00fd syst\u00e9m.<\/strong><\/p>\n\n\n\n<p>V z\u00e1jmu udr\u017een\u00ed bezpe\u010dnosti, po\u0159\u00e1dku a ochrany majetku jsou u\u017eivatel\u00e9 (n\u00e1v\u0161t\u011bvn\u00edci) ryb\u00e1\u0159sk\u00e9ho rev\u00edru povinn\u00ed respektovat Provozn\u00ed \u0159\u00e1d a uposlechnout pokyn\u016f osob ur\u010den\u00fdch provozovatelem, tj. spr\u00e1vce rev\u00edru a dozoruj\u00edc\u00edch osob (nap\u0159. ryb\u00e1\u0159sk\u00e1 str\u00e1\u017e, n\u00e1jemce nemovitost\u00ed atd.).<\/p>\n\n\n\n<p><strong>V uveden\u00fdch lokalit\u00e1ch je zak\u00e1z\u00e1no:<\/strong><\/p>\n\n\n\n<p><strong>1.1<\/strong>&nbsp;Voln\u00fd pohyb ps\u016f a jin\u00fdch zv\u00ed\u0159at. Majitel nebo dr\u017eitel je rovn\u011b\u017e povinen uklidit p\u0159\u00edpadn\u00e9 exkrementy veden\u00fdch zv\u00ed\u0159at.<\/p>\n\n\n\n<p><strong>1.2<\/strong>&nbsp;Rozd\u011bl\u00e1v\u00e1n\u00ed oh\u0148\u016f v\u010detn\u011b grilov\u00e1n\u00ed v komer\u010dn\u011b vyr\u00e1b\u011bn\u00fdch grilech.<\/p>\n\n\n\n<p><strong>1.3<\/strong>&nbsp;Ni\u010den\u00ed zelen\u011b (olamov\u00e1n\u00ed strom\u016f atd.), odhazov\u00e1n\u00ed odpadk\u016f.<\/p>\n\n\n\n<p><strong>1.4<\/strong>&nbsp;Koup\u00e1n\u00ed nebo pou\u017e\u00edv\u00e1n\u00ed jak\u00fdchkoliv \u010dlun\u016f, plovouc\u00edch matrac\u00ed, prken a lod\u00ed (mimo d\u00e1lkov\u011b ovl\u00e1dan\u00e9 \u2013 vnad\u00edc\u00ed).<\/p>\n\n\n\n<p><strong>1.5<\/strong>&nbsp;Je zak\u00e1z\u00e1no zne\u010di\u0161\u0165ovat \u010di jakkoli jinak po\u0161kozovat za\u0159\u00edzen\u00ed, ve\u0159ejn\u00fd prostor a p\u0159ilehl\u00e9 okol\u00ed.<\/p>\n\n\n\n<p><strong>1.6<\/strong>&nbsp;Stav\u011bn\u00ed stan\u016f a t\u00e1bo\u0159en\u00ed.<\/p>\n\n\n\n<p><strong>1.7<\/strong>&nbsp;Opalov\u00e1n\u00ed bez plavek \u2013 nudismus, naturalismus.<\/p>\n\n\n\n<p><strong>D\u00e1le na p\u0159edm\u011btn\u00fdch pozemc\u00edch plat\u00ed p\u0159\u00edsn\u00fd z\u00e1kaz:<\/strong><\/p>\n\n\n\n<p><strong>2.1<\/strong>&nbsp;J\u00edzdy na kole, kole\u010dkov\u00fdch brusl\u00edch a skateboardu. J\u00edzda na voz\u00edku a elektro za\u0159\u00edzen\u00ed pro ZTP, ZTPP povolena.<\/p>\n\n\n\n<p><strong>2.2<\/strong>&nbsp;Konzumace, u\u017e\u00edv\u00e1n\u00ed omamn\u00fdch l\u00e1tek \u010di drog.<\/p>\n\n\n\n<p><strong>2.3<\/strong>&nbsp;Vstup osob\u00e1m pod vlivem alkoholu \u010di jin\u00fdch omamn\u00fdch l\u00e1tek.<\/p>\n\n\n\n<p><strong>2.4<\/strong>&nbsp;P\u0159emis\u0165ov\u00e1n\u00ed jak\u00e9hokoliv za\u0159\u00edzen\u00ed na rev\u00edru mimo stanoven\u00e1 m\u00edsta.<\/p>\n\n\n\n<p><strong>2.5<\/strong>&nbsp;Manipulace s ostr\u00fdmi p\u0159edm\u011bty.<\/p>\n\n\n\n<p><strong>2.6<\/strong>&nbsp;Naru\u0161ovat ve\u0159ejn\u00fd po\u0159\u00e1dek nadm\u011brn\u00fdch hlukem nebo jin\u00fdm zp\u016fsobem.<\/p>\n\n\n\n<p><strong>2.7<\/strong>&nbsp;P\u0159in\u00e1\u0161et do rev\u00edru st\u0159eln\u00e9 a jin\u00e9 zbran\u011b, v\u00fdbu\u0161niny, jedovat\u00e9 l\u00e1tky, chemik\u00e1lie \u010di jin\u00e9 p\u0159edm\u011bty ohro\u017euj\u00edc\u00ed zdrav\u00ed a bezpe\u010dnost a jak\u00fdmkoli zp\u016fsobem s nimi manipulovat.<\/p>\n\n\n\n<p><strong>Ostatn\u00ed<\/strong><\/p>\n\n\n\n<p><strong>3.1&nbsp;<\/strong>Ve\u0161ker\u00e1 \u010dinnost n\u00e1v\u0161t\u011bvn\u00edk\u016f are\u00e1lu \u2013 rev\u00edru je na vlastn\u00ed nebezpe\u010d\u00ed, za nezletil\u00e9 osoby jsou odpov\u011bdni z\u00e1konn\u00ed z\u00e1stupci.<\/p>\n\n\n\n<p><strong>3.2<\/strong>&nbsp;Majitel rev\u00edru, spr\u00e1vce ani provozovatel neru\u010d\u00ed za ztr\u00e1tu, p\u0159\u00edpadn\u011b za po\u0161kozen\u00ed osobn\u00edch v\u011bc\u00ed u\u017eivatel\u016f rev\u00edru.<\/p>\n\n\n\n<p><strong>3.3<\/strong>&nbsp;Majitel rev\u00edru, spr\u00e1vce ani provozovatel nenesou odpov\u011bdnost za p\u0159\u00edpadn\u00e9 \u00farazy a \u0161kody vznikl\u00e9 u\u017eivatel\u016fm v are\u00e1lu.<\/p>\n\n\n\n<p><strong>3.4<\/strong>&nbsp;P\u0159i nedodr\u017een\u00ed tohoto provozn\u00edho \u0159\u00e1du, nevhodn\u00e9m chov\u00e1n\u00ed nebo p\u0159i sv\u00e9voln\u00e9m ni\u010den\u00ed a po\u0161kozov\u00e1n\u00ed sportovn\u00edho za\u0159\u00edzen\u00ed budou u\u017eivatel\u00e9 vyk\u00e1z\u00e1ni a br\u00e1ni k p\u0159\u00edm\u00e9 odpov\u011bdnosti za zp\u016fsoben\u00e9 \u0161kody. Po u\u017eivatel\u00edch pak bude po\u017eadov\u00e1na pln\u00e1 n\u00e1hrada zp\u016fsoben\u00fdch \u0161kod.<\/p>\n\n\n\n<p><strong>3.5<\/strong>&nbsp;Sezn\u00e1men\u00ed s t\u00edmto \u0159\u00e1dem je povinnosti ka\u017ed\u00e9ho u\u017eivatele.&nbsp;<\/p>\n\n\n\n<p><strong>3.6<\/strong>&nbsp;Tento provozn\u00ed \u0159\u00e1d nab\u00fdv\u00e1 \u00fa\u010dinnosti dnem 1.4.2022<\/p>\n\n\n\n<p><strong>P\u0159\u00edsn\u00e9 dodr\u017eov\u00e1n\u00ed bezpe\u010dnostn\u00edch p\u0159edpis\u016f, hygieny a po\u017e\u00e1rn\u00ed ochrany je ze z\u00e1kona povinen ka\u017ed\u00fd ob\u010dan. V p\u0159\u00edpad\u011b poru\u0161en\u00ed tohoto provozn\u00edho \u0159\u00e1du m\u016f\u017ee b\u00fdt osoba z p\u0159edm\u011btn\u00fdch prostor vyk\u00e1z\u00e1na prost\u0159ednictv\u00edm pov\u011b\u0159en\u00fdch osobo nebo org\u00e1nem Policie \u010cR nebo M\u011bstskou polici\u00ed Vala\u0161sk\u00e9 Mezi\u0159\u00ed\u010d\u00ed.<\/strong><\/p>\n\n\n\n<p><strong>V\u00fdbor MO \u010cRS<\/strong><\/p>\n\n\n\n<p><strong>Vala\u0161sk\u00e9 Mezi\u0159\u00ed\u010d\u00ed<\/strong><\/p>\n","protected":false},"excerpt":{"rendered":"<p>PROVOZN\u00cd \u0158\u00c1D PROVOZN\u00cd \u0158\u00c1D SE VZTAHUJE NA RYB\u00c1\u0158SK\u00c9 REV\u00cdRY V\u010cETN\u011a<\/p>\n","protected":false},"author":1,"featured_media":0,"parent":85,"menu_order":0,"comment_status":"closed","ping_status":"closed","template":"","meta":{"footnotes":""},"class_list":["post-96","page","type-page","status-publish","hentry"],"_links":{"self":[{"href":"https:\/\/www.rybsvaz-valmez.cz\/index.php?rest_route=\/wp\/v2\/pages\/96","targetHints":{"allow":["GET"]}}],"collection":[{"href":"https:\/\/www.rybsvaz-valmez.cz\/index.php?rest_route=\/wp\/v2\/pages"}],"about":[{"href":"https:\/\/www.rybsvaz-valmez.cz\/index.php?rest_route=\/wp\/v2\/types\/page"}],"author":[{"embeddable":true,"href":"https:\/\/www.rybsvaz-valmez.cz\/index.php?rest_route=\/wp\/v2\/users\/1"}],"replies":[{"embeddable":true,"href":"https:\/\/www.rybsvaz-valmez.cz\/index.php?rest_route=%2Fwp%2Fv2%2Fcomments&post=96"}],"version-history":[{"count":1,"href":"https:\/\/www.rybsvaz-valmez.cz\/index.php?rest_route=\/wp\/v2\/pages\/96\/revisions"}],"predecessor-version":[{"id":97,"href":"https:\/\/www.rybsvaz-valmez.cz\/index.php?rest_route=\/wp\/v2\/pages\/96\/revisions\/97"}],"up":[{"embeddable":true,"href":"https:\/\/www.rybsvaz-valmez.cz\/index.php?rest_route=\/wp\/v2\/pages\/85"}],"wp:attachment":[{"href":"https:\/\/www.rybsvaz-valmez.cz\/index.php?rest_route=%2Fwp%2Fv2%2Fmedia&parent=96"}],"curies":[{"name":"wp","href":"https:\/\/api.w.org\/{rel}","templated":true}]}}