{"id":85,"date":"2023-06-19T16:50:45","date_gmt":"2023-06-19T16:50:45","guid":{"rendered":"https:\/\/www.rybsvaz-valmez.cz\/?page_id=85"},"modified":"2023-06-19T17:41:01","modified_gmt":"2023-06-19T17:41:01","slug":"legislativa","status":"publish","type":"page","link":"https:\/\/www.rybsvaz-valmez.cz\/?page_id=85","title":{"rendered":"Legislativa"},"content":{"rendered":"\n<p><a href=\"https:\/\/www.rybsvaz-valmez.cz\/?page_id=91\" data-type=\"URL\" data-id=\"https:\/\/www.rybsvaz-valmez.cz\/?page_id=91\">GDPR<\/a><\/p>\n\n\n\n<p><a href=\"https:\/\/www.rybsvaz-valmez.cz\/?page_id=96\">Provozn\u00ed \u0159\u00e1d<\/a><\/p>\n\n\n\n<p><a href=\"https:\/\/www.rybsvaz-valmez.cz\/?page_id=93\" data-type=\"URL\" data-id=\"https:\/\/www.rybsvaz-valmez.cz\/?page_id=93\">Stanovy \u010cesk\u00e9ho ryb\u00e1\u0159sk\u00e9ho svazu, z. s.<\/a><\/p>\n","protected":false},"excerpt":{"rendered":"<p>GDPR Provozn\u00ed \u0159\u00e1d Stanovy \u010cesk\u00e9ho ryb\u00e1\u0159sk\u00e9ho svazu, z. s.<\/p>\n","protected":false},"author":1,"featured_media":0,"parent":0,"menu_order":1,"comment_status":"closed","ping_status":"closed","template":"","meta":{"footnotes":""},"class_list":["post-85","page","type-page","status-publish","hentry"],"_links":{"self":[{"href":"https:\/\/www.rybsvaz-valmez.cz\/index.php?rest_route=\/wp\/v2\/pages\/85","targetHints":{"allow":["GET"]}}],"collection":[{"href":"https:\/\/www.rybsvaz-valmez.cz\/index.php?rest_route=\/wp\/v2\/pages"}],"about":[{"href":"https:\/\/www.rybsvaz-valmez.cz\/index.php?rest_route=\/wp\/v2\/types\/page"}],"author":[{"embeddable":true,"href":"https:\/\/www.rybsvaz-valmez.cz\/index.php?rest_route=\/wp\/v2\/users\/1"}],"replies":[{"embeddable":true,"href":"https:\/\/www.rybsvaz-valmez.cz\/index.php?rest_route=%2Fwp%2Fv2%2Fcomments&post=85"}],"version-history":[{"count":2,"href":"https:\/\/www.rybsvaz-valmez.cz\/index.php?rest_route=\/wp\/v2\/pages\/85\/revisions"}],"predecessor-version":[{"id":116,"href":"https:\/\/www.rybsvaz-valmez.cz\/index.php?rest_route=\/wp\/v2\/pages\/85\/revisions\/116"}],"wp:attachment":[{"href":"https:\/\/www.rybsvaz-valmez.cz\/index.php?rest_route=%2Fwp%2Fv2%2Fmedia&parent=85"}],"curies":[{"name":"wp","href":"https:\/\/api.w.org\/{rel}","templated":true}]}}