{"id":136,"date":"2023-06-19T18:25:53","date_gmt":"2023-06-19T18:25:53","guid":{"rendered":"https:\/\/www.rybsvaz-valmez.cz\/?page_id=136"},"modified":"2024-08-04T11:15:41","modified_gmt":"2024-08-04T11:15:41","slug":"becva-roznovska-1","status":"publish","type":"page","link":"https:\/\/www.rybsvaz-valmez.cz\/?page_id=136","title":{"rendered":"Be\u010dva Ro\u017enovsk\u00e1 1"},"content":{"rendered":"\n<p>\u010c\u00edslo rev\u00edru&nbsp;<strong><strong>473&nbsp;001<\/strong><\/strong><\/p>\n\n\n\n<p>GPS<\/p>\n\n\n\n<figure class=\"wp-block-table is-style-stripes\"><table><tbody><tr><td>Za\u010d\u00e1tek<\/td><td>49\u00b028\u201826.990\u201cN, 17\u00b059\u201836.268\u201cE<\/td><\/tr><tr><td>Konec<\/td><td>49\u00b027\u201850.564\u201cN, 18\u00b03\u201815.331\u201cE<\/td><\/tr><\/tbody><\/table><\/figure>\n\n\n\n<p>Od 2.&nbsp;jezu (nad koupali\u0161t\u011bm) ve Vala\u0161sk\u00e9m Mezi\u0159\u00ed\u010d\u00ed po jez pod silni\u010dn\u00edm mostem do St\u0159\u00edte\u017ee nad Be\u010dvou v\u010detn\u011b v\u0161ech p\u0159\u00edtok\u016f.<\/p>\n\n\n\n<p class=\"has-vivid-red-color has-text-color\"><strong>P\u0159\u00edtoky Veselsk\u00fd, Hrachoveck\u00fd, Krhovsk\u00fd, \u017did\u016fv a Za\u0161ovsk\u00fd a n\u00e1hon na \u00fapravnu vody v&nbsp;Hrachovci jsou CHRO&nbsp;\u2013 lov ryb zak\u00e1z\u00e1n.<\/strong><\/p>\n\n\n\n<p><strong>Nejmen\u0161\u00ed lovn\u00e1 m\u00edra pstruha obecn\u00e9ho zv\u00fd\u0161ena na 30&nbsp;cm.<\/strong><\/p>\n\n\n\n<p class=\"has-vivid-red-color has-text-color has-link-color wp-elements-9cac9a6988da3b63836e411ec7380e19\"><strong>CHY\u0164 A&nbsp;PUS\u0164<\/strong><\/p>\n\n\n\n<p>GPS<\/p>\n\n\n\n<figure class=\"wp-block-table is-style-stripes\"><table><tbody><tr><td>Za\u010d\u00e1tek<\/td><td>49\u00b028\u201811.392\u201cN, 17\u00b057\u201816.836\u201cE<\/td><\/tr><tr><td>Konec<\/td><td>49\u00b028\u201826.990\u201cN, 17\u00b059\u201836.268\u201cE<\/td><\/tr><\/tbody><\/table><\/figure>\n\n\n\n<p>P\u0159\u00edtok Be\u010dvy, Moravy. Od soutoku s\u00a0Be\u010dvou Vset\u00ednskou ve Vala\u0161sk\u00e9m Mezi\u0159\u00ed\u010d\u00ed po 2.\u00a0jez (nad koupali\u0161t\u011bm) ve Vala\u0161sk\u00e9m Mezi\u0159\u00ed\u010d\u00ed.<\/p>\n\n\n\n<ul class=\"wp-block-list\">\n<li>Lov povolen v\u0161emi zp\u016fsoby pro pstruhov\u00e9 rev\u00edry v\u00fdhradn\u011b s&nbsp;pou\u017eit\u00edm jednoh\u00e1\u010dk\u016f bez protihrotu.<\/li>\n\n\n\n<li>Lov\u00edc\u00ed nesm\u00ed m\u00edt u&nbsp;sebe p\u0159i lovu \u017e\u00e1dn\u00e9 zavazadlo (ruksak, batoh ani ko\u0161\u00edk).<\/li>\n\n\n\n<li>Ve\u0161ker\u00e9 uloven\u00e9 ryby mimo \u0161tiku, cand\u00e1ta, sumce, bolena a okouna mus\u00ed b\u00fdt \u0161etrn\u011b vr\u00e1ceny zp\u011bt do rev\u00edru, ve kter\u00e9m byly uloveny.<\/li>\n\n\n\n<li>P\u0159ed zah\u00e1jen\u00edm lovu je nutno krom\u011b data a \u010d\u00edsla rev\u00edru zapsat do p\u0159ehledu o&nbsp;doch\u00e1zce do rubriky pro z\u00e1znam \u00falovk\u016f z\u0159eteln\u011b \u201eCHY\u0164 A&nbsp;PUS\u0164\u201c.<\/li>\n\n\n\n<li><strong>V&nbsp;den lovu na tomto rev\u00edru nesm\u00ed lov\u00edc\u00ed chytat ryby na rev\u00edru 473&nbsp;001&nbsp;BE\u010cVA RO\u017dNOVSK\u00c1&nbsp;1.<\/strong><\/li>\n<\/ul>\n","protected":false},"excerpt":{"rendered":"<p>\u010c\u00edslo rev\u00edru&nbsp;473&nbsp;001 GPS Za\u010d\u00e1tek 49\u00b028\u201826.990\u201cN, 17\u00b059\u201836.268\u201cE Konec 49\u00b027\u201850.564\u201cN, 18\u00b03\u201815.331\u201cE Od<\/p>\n","protected":false},"author":1,"featured_media":0,"parent":118,"menu_order":1,"comment_status":"closed","ping_status":"closed","template":"","meta":{"footnotes":""},"class_list":["post-136","page","type-page","status-publish","hentry"],"_links":{"self":[{"href":"https:\/\/www.rybsvaz-valmez.cz\/index.php?rest_route=\/wp\/v2\/pages\/136","targetHints":{"allow":["GET"]}}],"collection":[{"href":"https:\/\/www.rybsvaz-valmez.cz\/index.php?rest_route=\/wp\/v2\/pages"}],"about":[{"href":"https:\/\/www.rybsvaz-valmez.cz\/index.php?rest_route=\/wp\/v2\/types\/page"}],"author":[{"embeddable":true,"href":"https:\/\/www.rybsvaz-valmez.cz\/index.php?rest_route=\/wp\/v2\/users\/1"}],"replies":[{"embeddable":true,"href":"https:\/\/www.rybsvaz-valmez.cz\/index.php?rest_route=%2Fwp%2Fv2%2Fcomments&post=136"}],"version-history":[{"count":3,"href":"https:\/\/www.rybsvaz-valmez.cz\/index.php?rest_route=\/wp\/v2\/pages\/136\/revisions"}],"predecessor-version":[{"id":306,"href":"https:\/\/www.rybsvaz-valmez.cz\/index.php?rest_route=\/wp\/v2\/pages\/136\/revisions\/306"}],"up":[{"embeddable":true,"href":"https:\/\/www.rybsvaz-valmez.cz\/index.php?rest_route=\/wp\/v2\/pages\/118"}],"wp:attachment":[{"href":"https:\/\/www.rybsvaz-valmez.cz\/index.php?rest_route=%2Fwp%2Fv2%2Fmedia&parent=136"}],"curies":[{"name":"wp","href":"https:\/\/api.w.org\/{rel}","templated":true}]}}